{"id":2210,"date":"2015-11-02T02:59:40","date_gmt":"2015-11-02T01:59:40","guid":{"rendered":"http:\/\/headbangers.fr\/?post_type=product&#038;p=2210"},"modified":"2018-03-13T15:48:27","modified_gmt":"2018-03-13T14:48:27","slug":"the-dark-side-of-a-love-affair","status":"publish","type":"product","link":"http:\/\/headbangers.fr\/en\/shop\/the-dark-side-of-a-love-affair\/","title":{"rendered":"The Dark Side Of A Love Affair"},"content":{"rendered":"<p>The Headbangers, litt\u00e9ralement \u00ab ceux qui secouent la t\u00eate \u00bb, fait se bousculer les id\u00e9es et groover les rythmes avec cet irr\u00e9pressible petit hochement de t\u00eate de plaisir. Nicolas Gardel d\u00e9joue les clivages en alliant avec style et originalit\u00e9 un jazz moderne, faisant dialoguer funk et musique Pop Electro. Aux fronti\u00e8res de ces diff\u00e9rents styles, le groupe r\u00e9ussit \u00e0 ouvrir les perspectives avec un son singulier, puissant, \u00e9l\u00e9gant, dot\u00e9 d&#8217;une \u00e9nergie et d&#8217;une cr\u00e9ativit\u00e9 ravageuses. Leader charismatique, Nicolas Gardel \u00e9labore son propre projet avec passion et choisit ses musiciens \u00e0 la hauteur de la qualit\u00e9 de ses compositions pour donner naissance aux Headbangers. Le public est alors propuls\u00e9 dans un univers aux m\u00e9lodies puissantes et aux rythmes saisissants.<\/p>\n<p>1 : Bacchus (4:30)<br \/>\n2 : The Space Pigs (6:27)<br \/>\n3 : Bang (6:17)<br \/>\n4 : Diego (5:34)<br \/>\n5 : Wanna Touch the Sky (2:17)<br \/>\n6 : The Elephunk Print (4:46)<br \/>\n7 : Fighters of Glory (6:24)<br \/>\n8 : The Dark Side of a Love Affair (5:51)<br \/>\n9 : The Last Day on Earth (feat. Fr\u00e9d\u00e9rika Al\u00e9sina) (4:15)<br \/>\n10 : Havana&#8217;s Looking for Miami (2:07)<br \/>\n11 : Song for the Universe (4:29)<\/p>\n","protected":false},"excerpt":{"rendered":"<p><span class=\"f-productHeader-subTitleLabel\">Album CD<\/span><br \/>\nJAZZ FAMILY \/ SOCADISC &#8211; 2016<\/p>\n<p>Avec son 1er album \u00ab The Dark Side of a Love Affair \u00bb, The Headbangers r\u00e9v\u00e8le sa griffe : une musique sans \u00e9tiquette et sans concession, populaire et exigeante, sensuelle et f\u00e9roce !<\/p>\n<h3>Line Up<\/h3>\n<ul>\n<li><strong>Nicolas Gardel<\/strong> &#8211; Trompette &#8211; Claviers &#8211; Compositions<\/li>\n<li><strong>Ferdinand Doumerc<\/strong> &#8211; Saxophones &#8211; Fl\u00fbte<\/li>\n<li><strong>Alexandre Canti\u00e9<\/strong> &#8211; Claviers &#8211; Piano<\/li>\n<li><strong>Dorian Dutech<\/strong> &#8211; Guitares<\/li>\n<li><strong>Pascal Celma<\/strong> &#8211; Basse<\/li>\n<li><strong>Fabien Tournier<\/strong> &#8211; Batterie<\/li>\n<\/ul>\n<p><strong>feat. Fr\u00e9d\u00e9rika Al\u00e9sina (.15)<\/strong><\/p>\n<p>&nbsp;<\/p>\n<p><a href=\"http:\/\/www.amazon.fr\/gp\/product\/B017WOFP2O\/ref=as_li_tl?ie=UTF8&amp;camp=1642&amp;creative=6746&amp;creativeASIN=B017WOFP2O&amp;linkCode=as2&amp;tag=m06e9-21\" target=\"_blank\" rel=\"attachment noopener wp-att-2612\"><img decoding=\"async\" loading=\"lazy\" class=\"alignnone wp-image-2612\" style=\"padding-right: 10px;\" src=\"http:\/\/headbangers.fr\/wp-content\/uploads\/2015\/11\/amazon-logo.png\" alt=\"amazon-logo\" width=\"94\" height=\"22\" srcset=\"http:\/\/headbangers.fr\/wp-content\/uploads\/2015\/11\/amazon-logo.png 500w, http:\/\/headbangers.fr\/wp-content\/uploads\/2015\/11\/amazon-logo-300x70.png 300w\" sizes=\"(max-width: 94px) 100vw, 94px\" \/><\/a><a href=\"http:\/\/musique.fnac.com\/a9232751\/The-Headbangers-Dark-side-of-a-love-affair-CD-album\" target=\"_blank\" rel=\"attachment noopener wp-att-2613\"><img decoding=\"async\" loading=\"lazy\" class=\"alignnone wp-image-2613\" style=\"padding-right: 10px;\" src=\"http:\/\/headbangers.fr\/wp-content\/uploads\/2015\/11\/logo_fnac.png\" alt=\"logo_fnac\" width=\"73\" height=\"22\" srcset=\"http:\/\/headbangers.fr\/wp-content\/uploads\/2015\/11\/logo_fnac.png 159w, http:\/\/headbangers.fr\/wp-content\/uploads\/2015\/11\/logo_fnac-150x48.png 150w\" sizes=\"(max-width: 73px) 100vw, 73px\" \/><\/a><a href=\"https:\/\/itunes.apple.com\/fr\/album\/the-dark-side-of-a-love-affair\/id1070529131\" target=\"_blank\" rel=\"attachment noopener wp-att-2614\"><img decoding=\"async\" loading=\"lazy\" class=\"alignnone wp-image-2615\" style=\"padding-right: 10px;\" src=\"http:\/\/headbangers.fr\/wp-content\/uploads\/2015\/11\/itunes.png\" alt=\"\" width=\"91\" height=\"22\" srcset=\"http:\/\/headbangers.fr\/wp-content\/uploads\/2015\/11\/itunes.png 400w, http:\/\/headbangers.fr\/wp-content\/uploads\/2015\/11\/itunes-300x73.png 300w\" sizes=\"(max-width: 91px) 100vw, 91px\" \/><\/a><\/p>\n","protected":false},"featured_media":2204,"template":"","meta":[],"product_cat":[16],"product_tag":[25,19,22,23,21,20,26,24,18,17],"_links":{"self":[{"href":"http:\/\/headbangers.fr\/en\/wp-json\/wp\/v2\/product\/2210"}],"collection":[{"href":"http:\/\/headbangers.fr\/en\/wp-json\/wp\/v2\/product"}],"about":[{"href":"http:\/\/headbangers.fr\/en\/wp-json\/wp\/v2\/types\/product"}],"wp:featuredmedia":[{"embeddable":true,"href":"http:\/\/headbangers.fr\/en\/wp-json\/wp\/v2\/media\/2204"}],"wp:attachment":[{"href":"http:\/\/headbangers.fr\/en\/wp-json\/wp\/v2\/media?parent=2210"}],"wp:term":[{"taxonomy":"product_cat","embeddable":true,"href":"http:\/\/headbangers.fr\/en\/wp-json\/wp\/v2\/product_cat?post=2210"},{"taxonomy":"product_tag","embeddable":true,"href":"http:\/\/headbangers.fr\/en\/wp-json\/wp\/v2\/product_tag?post=2210"}],"curies":[{"name":"wp","href":"https:\/\/api.w.org\/{rel}","templated":true}]}}