{"id":2786,"date":"2018-03-09T16:50:43","date_gmt":"2018-03-09T15:50:43","guid":{"rendered":"http:\/\/headbangers.fr\/?post_type=product&#038;p=2786"},"modified":"2026-01-31T11:00:46","modified_gmt":"2026-01-31T10:00:46","slug":"the-iron-age","status":"publish","type":"product","link":"http:\/\/headbangers.fr\/en\/shop\/the-iron-age\/","title":{"rendered":"The Ir\u00f8n Age"},"content":{"rendered":"<p><span class=\"js-ProductSummary-truncate is-truncated\">The Headbangers fait se bousculer les id\u00e9es et groover les rythmes avec cet irr\u00e9pressible petit hochement de t\u00eate de plaisir\u2026 Nicolas Gardel d\u00e9joue les clivages en alliant avec style et originalit\u00e9 un jazz moderne, faisant dialoguer funk et musique Pop Electro. Aux fronti\u00e8res de ces univers, le groupe r\u00e9ussit \u00e0 ouvrir les perspectives avec un son singulier, puissant, \u00e9l\u00e9gant, dot\u00e9 d\u2019une \u00e9nergie et d\u2019une cr\u00e9ativit\u00e9 ravageuses. Leader charismatique, Nicolas Gardel \u00e9labore son propre projet avec passion et choisit ses musiciens \u00e0 la hauteur de ses compositions pour donner naissance aux Headbangers. <\/span><\/p>\n","protected":false},"excerpt":{"rendered":"<p><span class=\"js-ProductSummary-truncate is-truncated\">Avec ce 2\u00e8me album \u00abThe Ir\u00f8n Age\u00bb The Headbangers marque un virage dans le son du groupe qui s\u2019oriente clairement vers un son Pop\/Rock faisant toujours une grande place \u00e0 l\u2019improvisation jazz.<\/span><\/p>\n<h3>Sortie le 30 Mars 2018<\/h3>\n<p><img decoding=\"async\" loading=\"lazy\" class=\"alignnone wp-image-342\" src=\"https:\/\/www.nicolasgardel.com\/wp-content\/uploads\/2018\/02\/l-autre-distribution-300x124.png\" alt=\"l'Autre Distribution\" width=\"133\" height=\"55\" \/><\/p>\n<h5>Line up<\/h5>\n<p>Nicolas Gardel : compositions \/ trompette<br \/>\nFerdinand Doumerc : saxophones \/ fl\u00fbte<br \/>\nDorian Dutech : guitares<br \/>\nThibaud Dufoy : piano \/ claviers<br \/>\nPhilippe Burneau : basse<br \/>\nJ\u00e9r\u00f4me Martineau-Ricotti : batterie<\/p>\n","protected":false},"featured_media":2788,"template":"","meta":[],"product_cat":[16],"product_tag":[],"_links":{"self":[{"href":"http:\/\/headbangers.fr\/en\/wp-json\/wp\/v2\/product\/2786"}],"collection":[{"href":"http:\/\/headbangers.fr\/en\/wp-json\/wp\/v2\/product"}],"about":[{"href":"http:\/\/headbangers.fr\/en\/wp-json\/wp\/v2\/types\/product"}],"wp:featuredmedia":[{"embeddable":true,"href":"http:\/\/headbangers.fr\/en\/wp-json\/wp\/v2\/media\/2788"}],"wp:attachment":[{"href":"http:\/\/headbangers.fr\/en\/wp-json\/wp\/v2\/media?parent=2786"}],"wp:term":[{"taxonomy":"product_cat","embeddable":true,"href":"http:\/\/headbangers.fr\/en\/wp-json\/wp\/v2\/product_cat?post=2786"},{"taxonomy":"product_tag","embeddable":true,"href":"http:\/\/headbangers.fr\/en\/wp-json\/wp\/v2\/product_tag?post=2786"}],"curies":[{"name":"wp","href":"https:\/\/api.w.org\/{rel}","templated":true}]}}